{"id":5727,"date":"2021-10-30T14:51:44","date_gmt":"2021-10-30T14:51:44","guid":{"rendered":"https:\/\/www.gostisce-svensek.si\/?post_type=product&#038;p=5727"},"modified":"2021-10-30T15:42:32","modified_gmt":"2021-10-30T15:42:32","slug":"cimicanke-z-milka-cokolado","status":"publish","type":"product","link":"https:\/\/www.gostisce-svensek.si\/de\/product\/cimicanke-z-milka-cokolado\/","title":{"rendered":"\u010cIMI\u010cANKE Z MILKA \u010cOKOLADO"},"content":{"rendered":"","protected":false},"excerpt":{"rendered":"","protected":false},"featured_media":5828,"template":"","meta":[],"product_cat":[144],"product_tag":[],"yoast_head":"<!-- This site is optimized with the Yoast SEO plugin v21.1 - https:\/\/yoast.com\/wordpress\/plugins\/seo\/ -->\n<title>\u010cIMI\u010cANKE Z MILKA \u010cOKOLADO - Gosti\u0161\u010du \u201cPri Tonetu\u201d Sven\u0161ku<\/title>\n<meta name=\"robots\" content=\"index, follow, max-snippet:-1, max-image-preview:large, max-video-preview:-1\" \/>\n<link rel=\"canonical\" href=\"https:\/\/www.gostisce-svensek.si\/de\/product\/cimicanke-z-milka-cokolado\/\" \/>\n<meta property=\"og:locale\" content=\"de_DE\" \/>\n<meta property=\"og:type\" content=\"article\" \/>\n<meta property=\"og:title\" content=\"\u010cIMI\u010cANKE Z MILKA \u010cOKOLADO - Gosti\u0161\u010du \u201cPri Tonetu\u201d Sven\u0161ku\" \/>\n<meta property=\"og:url\" content=\"https:\/\/www.gostisce-svensek.si\/de\/product\/cimicanke-z-milka-cokolado\/\" \/>\n<meta property=\"og:site_name\" content=\"Gosti\u0161\u010du \u201cPri Tonetu\u201d Sven\u0161ku\" \/>\n<meta property=\"article:modified_time\" content=\"2021-10-30T15:42:32+00:00\" \/>\n<meta property=\"og:image\" content=\"https:\/\/www.gostisce-svensek.si\/wp-content\/uploads\/2021\/10\/menu-sweet.png\" \/>\n\t<meta property=\"og:image:width\" content=\"300\" \/>\n\t<meta property=\"og:image:height\" content=\"300\" \/>\n\t<meta property=\"og:image:type\" content=\"image\/png\" \/>\n<meta name=\"twitter:card\" content=\"summary_large_image\" \/>\n<script type=\"application\/ld+json\" class=\"yoast-schema-graph\">{\"@context\":\"https:\/\/schema.org\",\"@graph\":[{\"@type\":\"WebPage\",\"@id\":\"https:\/\/www.gostisce-svensek.si\/product\/cimicanke-z-milka-cokolado\/\",\"url\":\"https:\/\/www.gostisce-svensek.si\/product\/cimicanke-z-milka-cokolado\/\",\"name\":\"\u010cIMI\u010cANKE Z MILKA \u010cOKOLADO - Gosti\u0161\u010du \u201cPri Tonetu\u201d Sven\u0161ku\",\"isPartOf\":{\"@id\":\"https:\/\/www.gostisce-svensek.si\/#website\"},\"datePublished\":\"2021-10-30T14:51:44+00:00\",\"dateModified\":\"2021-10-30T15:42:32+00:00\",\"breadcrumb\":{\"@id\":\"https:\/\/www.gostisce-svensek.si\/product\/cimicanke-z-milka-cokolado\/#breadcrumb\"},\"inLanguage\":\"de-DE\",\"potentialAction\":[{\"@type\":\"ReadAction\",\"target\":[\"https:\/\/www.gostisce-svensek.si\/product\/cimicanke-z-milka-cokolado\/\"]}]},{\"@type\":\"BreadcrumbList\",\"@id\":\"https:\/\/www.gostisce-svensek.si\/product\/cimicanke-z-milka-cokolado\/#breadcrumb\",\"itemListElement\":[{\"@type\":\"ListItem\",\"position\":1,\"name\":\"Home\",\"item\":\"https:\/\/www.gostisce-svensek.si\/\"},{\"@type\":\"ListItem\",\"position\":2,\"name\":\"Izdelki\",\"item\":\"https:\/\/www.gostisce-svensek.si\/shop__trashed\/\"},{\"@type\":\"ListItem\",\"position\":3,\"name\":\"\u010cIMI\u010cANKE Z MILKA \u010cOKOLADO\"}]},{\"@type\":\"WebSite\",\"@id\":\"https:\/\/www.gostisce-svensek.si\/#website\",\"url\":\"https:\/\/www.gostisce-svensek.si\/\",\"name\":\"Gosti\u0161\u010du \u201cPri Tonetu\u201d Sven\u0161ku\",\"description\":\"\",\"publisher\":{\"@id\":\"https:\/\/www.gostisce-svensek.si\/#organization\"},\"potentialAction\":[{\"@type\":\"SearchAction\",\"target\":{\"@type\":\"EntryPoint\",\"urlTemplate\":\"https:\/\/www.gostisce-svensek.si\/?s={search_term_string}\"},\"query-input\":\"required name=search_term_string\"}],\"inLanguage\":\"de-DE\"},{\"@type\":\"Organization\",\"@id\":\"https:\/\/www.gostisce-svensek.si\/#organization\",\"name\":\"Gosti\u0161\u010du \u201cPri Tonetu\u201d Sven\u0161ku\",\"url\":\"https:\/\/www.gostisce-svensek.si\/\",\"logo\":{\"@type\":\"ImageObject\",\"inLanguage\":\"de-DE\",\"@id\":\"https:\/\/www.gostisce-svensek.si\/#\/schema\/logo\/image\/\",\"url\":\"https:\/\/www.gostisce-svensek.si\/wp-content\/uploads\/2021\/10\/svensek-logo-black.png\",\"contentUrl\":\"https:\/\/www.gostisce-svensek.si\/wp-content\/uploads\/2021\/10\/svensek-logo-black.png\",\"width\":342,\"height\":80,\"caption\":\"Gosti\u0161\u010du \u201cPri Tonetu\u201d Sven\u0161ku\"},\"image\":{\"@id\":\"https:\/\/www.gostisce-svensek.si\/#\/schema\/logo\/image\/\"}}]}<\/script>\n<!-- \/ Yoast SEO plugin. -->","yoast_head_json":{"title":"\u010cIMI\u010cANKE Z MILKA \u010cOKOLADO - Gosti\u0161\u010du \u201cPri Tonetu\u201d Sven\u0161ku","robots":{"index":"index","follow":"follow","max-snippet":"max-snippet:-1","max-image-preview":"max-image-preview:large","max-video-preview":"max-video-preview:-1"},"canonical":"https:\/\/www.gostisce-svensek.si\/de\/product\/cimicanke-z-milka-cokolado\/","og_locale":"de_DE","og_type":"article","og_title":"\u010cIMI\u010cANKE Z MILKA \u010cOKOLADO - Gosti\u0161\u010du \u201cPri Tonetu\u201d Sven\u0161ku","og_url":"https:\/\/www.gostisce-svensek.si\/de\/product\/cimicanke-z-milka-cokolado\/","og_site_name":"Gosti\u0161\u010du \u201cPri Tonetu\u201d Sven\u0161ku","article_modified_time":"2021-10-30T15:42:32+00:00","og_image":[{"width":300,"height":300,"url":"https:\/\/www.gostisce-svensek.si\/wp-content\/uploads\/2021\/10\/menu-sweet.png","type":"image\/png"}],"twitter_card":"summary_large_image","schema":{"@context":"https:\/\/schema.org","@graph":[{"@type":"WebPage","@id":"https:\/\/www.gostisce-svensek.si\/product\/cimicanke-z-milka-cokolado\/","url":"https:\/\/www.gostisce-svensek.si\/product\/cimicanke-z-milka-cokolado\/","name":"\u010cIMI\u010cANKE Z MILKA \u010cOKOLADO - Gosti\u0161\u010du \u201cPri Tonetu\u201d Sven\u0161ku","isPartOf":{"@id":"https:\/\/www.gostisce-svensek.si\/#website"},"datePublished":"2021-10-30T14:51:44+00:00","dateModified":"2021-10-30T15:42:32+00:00","breadcrumb":{"@id":"https:\/\/www.gostisce-svensek.si\/product\/cimicanke-z-milka-cokolado\/#breadcrumb"},"inLanguage":"de-DE","potentialAction":[{"@type":"ReadAction","target":["https:\/\/www.gostisce-svensek.si\/product\/cimicanke-z-milka-cokolado\/"]}]},{"@type":"BreadcrumbList","@id":"https:\/\/www.gostisce-svensek.si\/product\/cimicanke-z-milka-cokolado\/#breadcrumb","itemListElement":[{"@type":"ListItem","position":1,"name":"Home","item":"https:\/\/www.gostisce-svensek.si\/"},{"@type":"ListItem","position":2,"name":"Izdelki","item":"https:\/\/www.gostisce-svensek.si\/shop__trashed\/"},{"@type":"ListItem","position":3,"name":"\u010cIMI\u010cANKE Z MILKA \u010cOKOLADO"}]},{"@type":"WebSite","@id":"https:\/\/www.gostisce-svensek.si\/#website","url":"https:\/\/www.gostisce-svensek.si\/","name":"Gosti\u0161\u010du \u201cPri Tonetu\u201d Sven\u0161ku","description":"","publisher":{"@id":"https:\/\/www.gostisce-svensek.si\/#organization"},"potentialAction":[{"@type":"SearchAction","target":{"@type":"EntryPoint","urlTemplate":"https:\/\/www.gostisce-svensek.si\/?s={search_term_string}"},"query-input":"required name=search_term_string"}],"inLanguage":"de-DE"},{"@type":"Organization","@id":"https:\/\/www.gostisce-svensek.si\/#organization","name":"Gosti\u0161\u010du \u201cPri Tonetu\u201d Sven\u0161ku","url":"https:\/\/www.gostisce-svensek.si\/","logo":{"@type":"ImageObject","inLanguage":"de-DE","@id":"https:\/\/www.gostisce-svensek.si\/#\/schema\/logo\/image\/","url":"https:\/\/www.gostisce-svensek.si\/wp-content\/uploads\/2021\/10\/svensek-logo-black.png","contentUrl":"https:\/\/www.gostisce-svensek.si\/wp-content\/uploads\/2021\/10\/svensek-logo-black.png","width":342,"height":80,"caption":"Gosti\u0161\u010du \u201cPri Tonetu\u201d Sven\u0161ku"},"image":{"@id":"https:\/\/www.gostisce-svensek.si\/#\/schema\/logo\/image\/"}}]}},"_links":{"self":[{"href":"https:\/\/www.gostisce-svensek.si\/de\/wp-json\/wp\/v2\/product\/5727"}],"collection":[{"href":"https:\/\/www.gostisce-svensek.si\/de\/wp-json\/wp\/v2\/product"}],"about":[{"href":"https:\/\/www.gostisce-svensek.si\/de\/wp-json\/wp\/v2\/types\/product"}],"wp:featuredmedia":[{"embeddable":true,"href":"https:\/\/www.gostisce-svensek.si\/de\/wp-json\/wp\/v2\/media\/5828"}],"wp:attachment":[{"href":"https:\/\/www.gostisce-svensek.si\/de\/wp-json\/wp\/v2\/media?parent=5727"}],"wp:term":[{"taxonomy":"product_cat","embeddable":true,"href":"https:\/\/www.gostisce-svensek.si\/de\/wp-json\/wp\/v2\/product_cat?post=5727"},{"taxonomy":"product_tag","embeddable":true,"href":"https:\/\/www.gostisce-svensek.si\/de\/wp-json\/wp\/v2\/product_tag?post=5727"}],"curies":[{"name":"wp","href":"https:\/\/api.w.org\/{rel}","templated":true}]}}