{"id":6939,"date":"2021-11-01T10:33:11","date_gmt":"2021-11-01T10:33:11","guid":{"rendered":"https:\/\/www.gostisce-svensek.si\/?page_id=6939"},"modified":"2026-02-09T06:47:33","modified_gmt":"2026-02-09T06:47:33","slug":"nastanitev-soba-2","status":"publish","type":"page","link":"https:\/\/www.gostisce-svensek.si\/de\/nastanitev-soba-2.html","title":{"rendered":"Zimmer 2 (Vierbett)"},"content":{"rendered":"<!-- Added by Post\/Page Specific Custom Code plugin, thank you for using! -->\n<style>.trheader .header-area .header-menu {\r\n    background-color: rgb(0 0 0 \/ 85%);\r\n    box-shadow: 0px 3px 8px 4px #888888;\r\n}<\/style>\n\t\t<div data-elementor-type=\"wp-page\" data-elementor-id=\"6939\" class=\"elementor elementor-6939\">\n\t\t\t\t\t\t<div class=\"elementor-inner\">\n\t\t\t\t<div class=\"elementor-section-wrap\">\n\t\t\t\t\t\t\t\t\t<section class=\"elementor-section elementor-top-section elementor-element elementor-element-196cc3f elementor-section-stretched elementor-section-boxed elementor-section-height-default elementor-section-height-default\" data-id=\"196cc3f\" data-element_type=\"section\" data-settings=\"{&quot;stretch_section&quot;:&quot;section-stretched&quot;}\">\n\t\t\t\t\t\t<div class=\"elementor-container elementor-column-gap-default\">\n\t\t\t\t\t\t\t<div class=\"elementor-row\">\n\t\t\t\t\t<div class=\"elementor-column elementor-col-33 elementor-top-column elementor-element elementor-element-4225877\" data-id=\"4225877\" data-element_type=\"column\">\n\t\t\t<div class=\"elementor-column-wrap elementor-element-populated\">\n\t\t\t\t\t\t\t<div class=\"elementor-widget-wrap\">\n\t\t\t\t\t\t<div class=\"elementor-element elementor-element-69728d6 elementor-widget elementor-widget-rt-contact-address\" data-id=\"69728d6\" data-element_type=\"widget\" data-widget_type=\"rt-contact-address.default\">\n\t\t\t\t<div class=\"elementor-widget-container\">\n\t\t\t\n<div class=\"rtin-address-default address-style2\">\n\t<div class=\"rtin-address-info\">\n\t\t\t\t\t<div class=\"rtin-address\">\n\t\t\t\t\t\t\t\t\t<div class=\"rtin-item\">\n\t\t\t\t\t\t\t\t\t\t\t\t\t\t\t<div class=\"rtin-icon\"><i class=\"fas fa-map-marker-alt\"><\/i><\/div>\n\t\t\t\t\t\t\t\t\t\t<div class=\"rtin-info\">Zadru\u017eni trg 13, 2250 Ptuj, Slowenien<\/div>\n\t\t\t\t\t\t\t\t\t\t<\/div>\n\t\t\t\t\t\t\t<\/div>\n\t\t\t<\/div>\n<\/div>\t\t<\/div>\n\t\t\t\t<\/div>\n\t\t\t\t\t\t<\/div>\n\t\t\t\t\t<\/div>\n\t\t<\/div>\n\t\t\t\t<div class=\"elementor-column elementor-col-33 elementor-top-column elementor-element elementor-element-ab707be\" data-id=\"ab707be\" data-element_type=\"column\">\n\t\t\t<div class=\"elementor-column-wrap elementor-element-populated\">\n\t\t\t\t\t\t\t<div class=\"elementor-widget-wrap\">\n\t\t\t\t\t\t<div class=\"elementor-element elementor-element-46e97a1 elementor-widget elementor-widget-rt-contact-address\" data-id=\"46e97a1\" data-element_type=\"widget\" data-widget_type=\"rt-contact-address.default\">\n\t\t\t\t<div class=\"elementor-widget-container\">\n\t\t\t\n<div class=\"rtin-address-default address-style2\">\n\t<div class=\"rtin-address-info\">\n\t\t\t\t\t<div class=\"rtin-address\">\n\t\t\t\t\t\t\t\t\t<div class=\"rtin-item\">\n\t\t\t\t\t\t\t\t\t\t\t\t\t\t\t<div class=\"rtin-icon\"><i class=\"fas fa-phone-volume\"><\/i><\/div>\n\t\t\t\t\t\t\t\t\t\t<div class=\"rtin-info\"><a href=\"tel:041764407\">MOB: 041 764 407<\/a> <br><a href=\"tel:027885683\">TEL: 02 788 56 83<\/a> <\/div>\n\t\t\t\t\t\t\t\t\t\t<\/div>\n\t\t\t\t\t\t\t<\/div>\n\t\t\t<\/div>\n<\/div>\t\t<\/div>\n\t\t\t\t<\/div>\n\t\t\t\t\t\t<\/div>\n\t\t\t\t\t<\/div>\n\t\t<\/div>\n\t\t\t\t<div class=\"elementor-column elementor-col-33 elementor-top-column elementor-element elementor-element-f641943\" data-id=\"f641943\" data-element_type=\"column\">\n\t\t\t<div class=\"elementor-column-wrap elementor-element-populated\">\n\t\t\t\t\t\t\t<div class=\"elementor-widget-wrap\">\n\t\t\t\t\t\t<div class=\"elementor-element elementor-element-8935232 elementor-widget elementor-widget-rt-contact-address\" data-id=\"8935232\" data-element_type=\"widget\" data-widget_type=\"rt-contact-address.default\">\n\t\t\t\t<div class=\"elementor-widget-container\">\n\t\t\t\n<div class=\"rtin-address-default address-style2\">\n\t<div class=\"rtin-address-info\">\n\t\t\t\t\t<div class=\"rtin-address\">\n\t\t\t\t\t\t\t\t\t<div class=\"rtin-item\">\n\t\t\t\t\t\t\t\t\t\t\t\t\t\t\t<div class=\"rtin-icon\"><i class=\"fas fa-envelope-open-text\"><\/i><\/div>\n\t\t\t\t\t\t\t\t\t\t<div class=\"rtin-info\">Email:<br><a href=\"mailto:ksenja.svensek@gmail.com\">ksenja.svensek@gmail.com<\/a><\/div>\n\t\t\t\t\t\t\t\t\t\t<\/div>\n\t\t\t\t\t\t\t<\/div>\n\t\t\t<\/div>\n<\/div>\t\t<\/div>\n\t\t\t\t<\/div>\n\t\t\t\t\t\t<\/div>\n\t\t\t\t\t<\/div>\n\t\t<\/div>\n\t\t\t\t\t\t\t\t<\/div>\n\t\t\t\t\t<\/div>\n\t\t<\/section>\n\t\t\t\t<section class=\"elementor-section elementor-top-section elementor-element elementor-element-2f69a56 elementor-section-boxed elementor-section-height-default elementor-section-height-default\" data-id=\"2f69a56\" data-element_type=\"section\">\n\t\t\t\t\t\t<div class=\"elementor-container elementor-column-gap-default\">\n\t\t\t\t\t\t\t<div class=\"elementor-row\">\n\t\t\t\t\t<div class=\"elementor-column elementor-col-100 elementor-top-column elementor-element elementor-element-2db4c4e\" data-id=\"2db4c4e\" data-element_type=\"column\">\n\t\t\t<div class=\"elementor-column-wrap elementor-element-populated\">\n\t\t\t\t\t\t\t<div class=\"elementor-widget-wrap\">\n\t\t\t\t\t\t<section class=\"elementor-section elementor-inner-section elementor-element elementor-element-c383858 elementor-section-boxed elementor-section-height-default elementor-section-height-default\" data-id=\"c383858\" data-element_type=\"section\">\n\t\t\t\t\t\t<div class=\"elementor-container elementor-column-gap-default\">\n\t\t\t\t\t\t\t<div class=\"elementor-row\">\n\t\t\t\t\t<div class=\"elementor-column elementor-col-33 elementor-inner-column elementor-element elementor-element-224c599\" data-id=\"224c599\" data-element_type=\"column\">\n\t\t\t<div class=\"elementor-column-wrap elementor-element-populated\">\n\t\t\t\t\t\t\t<div class=\"elementor-widget-wrap\">\n\t\t\t\t\t\t<div class=\"elementor-element elementor-element-fb1ad03 elementor-widget elementor-widget-text-editor\" data-id=\"fb1ad03\" data-element_type=\"widget\" data-widget_type=\"text-editor.default\">\n\t\t\t\t<div class=\"elementor-widget-container\">\n\t\t\t\t\t\t\t\t<div class=\"elementor-text-editor elementor-clearfix\">\n\t\t\t\t<p><span class=\"bentral-get-booking\"><script src=\"\/\/www.bentral.com\/service\/embed\/booking.js?id=7954514d&#038;uid=356a674d&#038;unit=356a674d&#038;lang=de&#038;key=550e342945e39f1233eb2dcaec3218a8&#038;poweredby=0&#038;width=full&#038;header-bg=f5ecde&#038;header-color=000000&#038;header2-bg=f8b002&#038;header2-color=ffffff&#038;table-bg=f5ecde&#038;table-color=000000&#038;btn-bg=f43127&#038;btn-color=ffffff&#038;border-width=0\"><\/script><\/span><\/p>\t\t\t\t\t<\/div>\n\t\t\t\t\t\t<\/div>\n\t\t\t\t<\/div>\n\t\t\t\t\t\t<\/div>\n\t\t\t\t\t<\/div>\n\t\t<\/div>\n\t\t\t\t<div class=\"elementor-column elementor-col-66 elementor-inner-column elementor-element elementor-element-d22de21\" data-id=\"d22de21\" data-element_type=\"column\">\n\t\t\t<div class=\"elementor-column-wrap elementor-element-populated\">\n\t\t\t\t\t\t\t<div class=\"elementor-widget-wrap\">\n\t\t\t\t\t\t<div class=\"elementor-element elementor-element-31be423 elementor-widget elementor-widget-text-editor\" data-id=\"31be423\" data-element_type=\"widget\" data-widget_type=\"text-editor.default\">\n\t\t\t\t<div class=\"elementor-widget-container\">\n\t\t\t\t\t\t\t\t<div class=\"elementor-text-editor elementor-clearfix\">\n\t\t\t\t<p><style>\/* -------------- GALLERY STYLE -------------- *\/\r\n.card-zoom-image {\r\n    transition-property: all;\r\n    transition-timing-function: cubic-bezier(0.4, 0, 0.2, 1);\r\n    transition-duration: 150ms;\r\n}\r\n.card-zoom-image:hover {\r\n    transform: scale(1.05);\r\n}\r\n\r\n.sl-image img {\r\n\tcursor: grab;\r\n    cursor: -moz-grab;\r\n    cursor: -webkit-grab;\t\r\n}\r\n\r\n.sl-image img:active {\r\n    cursor: grabbing;\r\n    cursor: -moz-grabbing;\r\n    cursor: -webkit-grabbing;\r\n}\r\n\r\n.bentral-gallery .bentral-img.view-all,\t\r\n.bentral-gallery .image-big,\r\n.bentral-gallery .image-thumb{\r\n\tcursor: pointer;\r\n}<\/style><div class=\"bentral-gallery royalSlider rsUni rsHor rs-image-gallery rsWithThumbs rsWithThumbsHor\" style=\"width: 100%; height: 500px; touch-action: pan-y;\"  data-gallery-id=\"6939\" data-gallery-type=\"slider\" data-slider-width=\"100%\" data-slider-height=\"500px\" data-slider-type=\"gallery\" data-slider-auto-play=\"0\" data-slider-delay=\"3000\" data-slider-fullscreen=\"0\"><a class=\"rsImg\" href=\"https:\/\/data.bentral.com\/images\/7954514d\/356a674d\/11.jpg\"><img src=\"https:\/\/data.bentral.com\/images\/7954514d\/356a674d\/11.jpg\" class=\"rsTmb\"\/><\/a><a class=\"rsImg\" href=\"https:\/\/data.bentral.com\/images\/7954514d\/356a674d\/12.jpg\"><img src=\"https:\/\/data.bentral.com\/images\/7954514d\/356a674d\/12.jpg\" class=\"rsTmb\"\/><\/a><a class=\"rsImg\" href=\"https:\/\/data.bentral.com\/images\/7954514d\/356a674d\/13.jpg\"><img src=\"https:\/\/data.bentral.com\/images\/7954514d\/356a674d\/13.jpg\" class=\"rsTmb\"\/><\/a><\/div><\/p>\t\t\t\t\t<\/div>\n\t\t\t\t\t\t<\/div>\n\t\t\t\t<\/div>\n\t\t\t\t<div class=\"elementor-element elementor-element-216d9d3 elementor-widget elementor-widget-text-editor\" data-id=\"216d9d3\" data-element_type=\"widget\" data-widget_type=\"text-editor.default\">\n\t\t\t\t<div class=\"elementor-widget-container\">\n\t\t\t\t\t\t\t\t<div class=\"elementor-text-editor elementor-clearfix\">\n\t\t\t\t<table border=\"1\"><tbody><tr><th>Standort:<\/th><td>1. Etage<\/td><\/tr><tr><th>Gr\u00f6\u00dfe:<\/th><td>21 m<sup>2<\/sup><\/td><\/tr><tr><th>Kapazit\u00e4t:<\/th><td>4+0<\/td><\/tr><tr><th>Ger\u00e4temerkmale:<\/th><td>Schlafzimmer:\u00a0<span class=\"label label-success\">1<\/span><br \/>Badezimmer: 1<br \/>Rauchen auf der Terrasse erlaubt<\/td><\/tr><tr><th>Ausr\u00fcstung:<\/th><td>Internet<br \/>Ein gew\u00f6hnliches Fernsehprogramm<br \/>Satelliten-TV-Programm<\/td><\/tr><tr><th>Dienstleistungen:<\/th><td>Kurtaxe (Erwachsene)<br \/>Kurtaxe (Kinder)<br \/>Endreinigung<br \/>Haustiere<\/td><\/tr><tr><th>Essen:<\/th><td>Fr\u00fchst\u00fcck<br \/>Halbpension<br \/>Vollpension<\/td><\/tr><\/tbody><\/table><p>\u00a0<\/p>\t\t\t\t\t<\/div>\n\t\t\t\t\t\t<\/div>\n\t\t\t\t<\/div>\n\t\t\t\t<div class=\"elementor-element elementor-element-d8aa9ab elementor-widget elementor-widget-text-editor\" data-id=\"d8aa9ab\" data-element_type=\"widget\" data-widget_type=\"text-editor.default\">\n\t\t\t\t<div class=\"elementor-widget-container\">\n\t\t\t\t\t\t\t\t<div class=\"elementor-text-editor elementor-clearfix\">\n\t\t\t\t<p><script src=\"\/\/www.bentral.com\/service\/embed\/calendar.js?id=7954514d&#038;uid=356a674d&#038;unit=356a674d&#038;lang=de&#038;key=550e342945e39f1233eb2dcaec3218a8&#038;poweredby=0&#038;width=full&#038;months=1&#038;cols=1\"><\/script><\/p>\t\t\t\t\t<\/div>\n\t\t\t\t\t\t<\/div>\n\t\t\t\t<\/div>\n\t\t\t\t\t\t<\/div>\n\t\t\t\t\t<\/div>\n\t\t<\/div>\n\t\t\t\t\t\t\t\t<\/div>\n\t\t\t\t\t<\/div>\n\t\t<\/section>\n\t\t\t\t<div class=\"elementor-element elementor-element-c3ff675 elementor-widget elementor-widget-text-editor\" data-id=\"c3ff675\" data-element_type=\"widget\" data-widget_type=\"text-editor.default\">\n\t\t\t\t<div class=\"elementor-widget-container\">\n\t\t\t\t\t\t\t\t<div class=\"elementor-text-editor elementor-clearfix\">\n\t\t\t\t<p><div id=\"bentralMap_cc834a6931ec4e5c8ac7605b18684a2d\" style=\"width:100%; height:500px\"><\/div><\/p>\t\t\t\t\t<\/div>\n\t\t\t\t\t\t<\/div>\n\t\t\t\t<\/div>\n\t\t\t\t\t\t<\/div>\n\t\t\t\t\t<\/div>\n\t\t<\/div>\n\t\t\t\t\t\t\t\t<\/div>\n\t\t\t\t\t<\/div>\n\t\t<\/section>\n\t\t\t\t\t\t\t\t\t<\/div>\n\t\t\t<\/div>\n\t\t\t\t\t<\/div>","protected":false},"excerpt":{"rendered":"<p>Zadru\u017eni trg 13, 2250 Ptuj, Slovenija MOB: 041 764 407 TEL: 02 788 56 83 Email:ksenja.svensek@gmail.com Lega: 1. nadstropje Velikost: 21 m2 Kapaciteta: 4+0 Zna\u010dilnosti enote: Spalnic:\u00a01Kopalnic: 1Kajenje dovoljeno na terasi Oprema: InternetNavaden TV programSatelitski TV program Storitve: Turisti\u010dna taksa (odrasli)Turisti\u010dna taksa (otroci)Zaklju\u010dno \u010di\u0161\u010denjeHi\u0161ni ljubljen\u010dki Prehrana: ZajtrkPolpenzionPolni penzion \u00a0<\/p>","protected":false},"author":1,"featured_media":0,"parent":0,"menu_order":9,"comment_status":"closed","ping_status":"closed","template":"","meta":[],"yoast_head":"<!-- This site is optimized with the Yoast SEO plugin v21.1 - https:\/\/yoast.com\/wordpress\/plugins\/seo\/ -->\n<title>Soba 2 (\u0161tiriposteljna) - Gosti\u0161\u010du \u201cPri Tonetu\u201d Sven\u0161ku<\/title>\n<meta name=\"robots\" content=\"index, follow, max-snippet:-1, max-image-preview:large, max-video-preview:-1\" \/>\n<link rel=\"canonical\" href=\"https:\/\/www.gostisce-svensek.si\/de\/nastanitev-soba-2.html\/\" \/>\n<meta property=\"og:locale\" content=\"de_DE\" \/>\n<meta property=\"og:type\" content=\"article\" \/>\n<meta property=\"og:title\" content=\"Soba 2 (\u0161tiriposteljna) - Gosti\u0161\u010du \u201cPri Tonetu\u201d Sven\u0161ku\" \/>\n<meta property=\"og:description\" content=\"Zadru\u017eni trg 13, 2250 Ptuj, Slovenija MOB: 041 764 407 TEL: 02 788 56 83 Email:ksenja.svensek@gmail.com Lega: 1. nadstropje Velikost: 21 m2 Kapaciteta: 4+0 Zna\u010dilnosti enote: Spalnic:\u00a01Kopalnic: 1Kajenje dovoljeno na terasi Oprema: InternetNavaden TV programSatelitski TV program Storitve: Turisti\u010dna taksa (odrasli)Turisti\u010dna taksa (otroci)Zaklju\u010dno \u010di\u0161\u010denjeHi\u0161ni ljubljen\u010dki Prehrana: ZajtrkPolpenzionPolni penzion \u00a0\" \/>\n<meta property=\"og:url\" content=\"https:\/\/www.gostisce-svensek.si\/de\/nastanitev-soba-2.html\/\" \/>\n<meta property=\"og:site_name\" content=\"Gosti\u0161\u010du \u201cPri Tonetu\u201d Sven\u0161ku\" \/>\n<meta property=\"article:modified_time\" content=\"2026-02-09T06:47:33+00:00\" \/>\n<meta name=\"twitter:card\" content=\"summary_large_image\" \/>\n<meta name=\"twitter:label1\" content=\"Gesch\u00e4tzte Lesezeit\" \/>\n\t<meta name=\"twitter:data1\" content=\"1 Minute\" \/>\n<script type=\"application\/ld+json\" class=\"yoast-schema-graph\">{\"@context\":\"https:\/\/schema.org\",\"@graph\":[{\"@type\":\"WebPage\",\"@id\":\"https:\/\/www.gostisce-svensek.si\/nastanitev-soba-2.html\",\"url\":\"https:\/\/www.gostisce-svensek.si\/nastanitev-soba-2.html\",\"name\":\"Soba 2 (\u0161tiriposteljna) - Gosti\u0161\u010du \u201cPri Tonetu\u201d Sven\u0161ku\",\"isPartOf\":{\"@id\":\"https:\/\/www.gostisce-svensek.si\/#website\"},\"datePublished\":\"2021-11-01T10:33:11+00:00\",\"dateModified\":\"2026-02-09T06:47:33+00:00\",\"breadcrumb\":{\"@id\":\"https:\/\/www.gostisce-svensek.si\/nastanitev-soba-2.html#breadcrumb\"},\"inLanguage\":\"de-DE\",\"potentialAction\":[{\"@type\":\"ReadAction\",\"target\":[\"https:\/\/www.gostisce-svensek.si\/nastanitev-soba-2.html\"]}]},{\"@type\":\"BreadcrumbList\",\"@id\":\"https:\/\/www.gostisce-svensek.si\/nastanitev-soba-2.html#breadcrumb\",\"itemListElement\":[{\"@type\":\"ListItem\",\"position\":1,\"name\":\"Home\",\"item\":\"https:\/\/www.gostisce-svensek.si\/\"},{\"@type\":\"ListItem\",\"position\":2,\"name\":\"Soba 2 (\u0161tiriposteljna)\"}]},{\"@type\":\"WebSite\",\"@id\":\"https:\/\/www.gostisce-svensek.si\/#website\",\"url\":\"https:\/\/www.gostisce-svensek.si\/\",\"name\":\"Gosti\u0161\u010du \u201cPri Tonetu\u201d Sven\u0161ku\",\"description\":\"\",\"publisher\":{\"@id\":\"https:\/\/www.gostisce-svensek.si\/#organization\"},\"potentialAction\":[{\"@type\":\"SearchAction\",\"target\":{\"@type\":\"EntryPoint\",\"urlTemplate\":\"https:\/\/www.gostisce-svensek.si\/?s={search_term_string}\"},\"query-input\":\"required name=search_term_string\"}],\"inLanguage\":\"de-DE\"},{\"@type\":\"Organization\",\"@id\":\"https:\/\/www.gostisce-svensek.si\/#organization\",\"name\":\"Gosti\u0161\u010du \u201cPri Tonetu\u201d Sven\u0161ku\",\"url\":\"https:\/\/www.gostisce-svensek.si\/\",\"logo\":{\"@type\":\"ImageObject\",\"inLanguage\":\"de-DE\",\"@id\":\"https:\/\/www.gostisce-svensek.si\/#\/schema\/logo\/image\/\",\"url\":\"https:\/\/www.gostisce-svensek.si\/wp-content\/uploads\/2021\/10\/svensek-logo-black.png\",\"contentUrl\":\"https:\/\/www.gostisce-svensek.si\/wp-content\/uploads\/2021\/10\/svensek-logo-black.png\",\"width\":342,\"height\":80,\"caption\":\"Gosti\u0161\u010du \u201cPri Tonetu\u201d Sven\u0161ku\"},\"image\":{\"@id\":\"https:\/\/www.gostisce-svensek.si\/#\/schema\/logo\/image\/\"}}]}<\/script>\n<!-- \/ Yoast SEO plugin. -->","yoast_head_json":{"title":"Soba 2 (\u0161tiriposteljna) - Gosti\u0161\u010du \u201cPri Tonetu\u201d Sven\u0161ku","robots":{"index":"index","follow":"follow","max-snippet":"max-snippet:-1","max-image-preview":"max-image-preview:large","max-video-preview":"max-video-preview:-1"},"canonical":"https:\/\/www.gostisce-svensek.si\/de\/nastanitev-soba-2.html\/","og_locale":"de_DE","og_type":"article","og_title":"Soba 2 (\u0161tiriposteljna) - Gosti\u0161\u010du \u201cPri Tonetu\u201d Sven\u0161ku","og_description":"Zadru\u017eni trg 13, 2250 Ptuj, Slovenija MOB: 041 764 407 TEL: 02 788 56 83 Email:ksenja.svensek@gmail.com Lega: 1. nadstropje Velikost: 21 m2 Kapaciteta: 4+0 Zna\u010dilnosti enote: Spalnic:\u00a01Kopalnic: 1Kajenje dovoljeno na terasi Oprema: InternetNavaden TV programSatelitski TV program Storitve: Turisti\u010dna taksa (odrasli)Turisti\u010dna taksa (otroci)Zaklju\u010dno \u010di\u0161\u010denjeHi\u0161ni ljubljen\u010dki Prehrana: ZajtrkPolpenzionPolni penzion \u00a0","og_url":"https:\/\/www.gostisce-svensek.si\/de\/nastanitev-soba-2.html\/","og_site_name":"Gosti\u0161\u010du \u201cPri Tonetu\u201d Sven\u0161ku","article_modified_time":"2026-02-09T06:47:33+00:00","twitter_card":"summary_large_image","twitter_misc":{"Gesch\u00e4tzte Lesezeit":"1 Minute"},"schema":{"@context":"https:\/\/schema.org","@graph":[{"@type":"WebPage","@id":"https:\/\/www.gostisce-svensek.si\/nastanitev-soba-2.html","url":"https:\/\/www.gostisce-svensek.si\/nastanitev-soba-2.html","name":"Soba 2 (\u0161tiriposteljna) - Gosti\u0161\u010du \u201cPri Tonetu\u201d Sven\u0161ku","isPartOf":{"@id":"https:\/\/www.gostisce-svensek.si\/#website"},"datePublished":"2021-11-01T10:33:11+00:00","dateModified":"2026-02-09T06:47:33+00:00","breadcrumb":{"@id":"https:\/\/www.gostisce-svensek.si\/nastanitev-soba-2.html#breadcrumb"},"inLanguage":"de-DE","potentialAction":[{"@type":"ReadAction","target":["https:\/\/www.gostisce-svensek.si\/nastanitev-soba-2.html"]}]},{"@type":"BreadcrumbList","@id":"https:\/\/www.gostisce-svensek.si\/nastanitev-soba-2.html#breadcrumb","itemListElement":[{"@type":"ListItem","position":1,"name":"Home","item":"https:\/\/www.gostisce-svensek.si\/"},{"@type":"ListItem","position":2,"name":"Soba 2 (\u0161tiriposteljna)"}]},{"@type":"WebSite","@id":"https:\/\/www.gostisce-svensek.si\/#website","url":"https:\/\/www.gostisce-svensek.si\/","name":"Gosti\u0161\u010du \u201cPri Tonetu\u201d Sven\u0161ku","description":"","publisher":{"@id":"https:\/\/www.gostisce-svensek.si\/#organization"},"potentialAction":[{"@type":"SearchAction","target":{"@type":"EntryPoint","urlTemplate":"https:\/\/www.gostisce-svensek.si\/?s={search_term_string}"},"query-input":"required name=search_term_string"}],"inLanguage":"de-DE"},{"@type":"Organization","@id":"https:\/\/www.gostisce-svensek.si\/#organization","name":"Gosti\u0161\u010du \u201cPri Tonetu\u201d Sven\u0161ku","url":"https:\/\/www.gostisce-svensek.si\/","logo":{"@type":"ImageObject","inLanguage":"de-DE","@id":"https:\/\/www.gostisce-svensek.si\/#\/schema\/logo\/image\/","url":"https:\/\/www.gostisce-svensek.si\/wp-content\/uploads\/2021\/10\/svensek-logo-black.png","contentUrl":"https:\/\/www.gostisce-svensek.si\/wp-content\/uploads\/2021\/10\/svensek-logo-black.png","width":342,"height":80,"caption":"Gosti\u0161\u010du \u201cPri Tonetu\u201d Sven\u0161ku"},"image":{"@id":"https:\/\/www.gostisce-svensek.si\/#\/schema\/logo\/image\/"}}]}},"_links":{"self":[{"href":"https:\/\/www.gostisce-svensek.si\/de\/wp-json\/wp\/v2\/pages\/6939"}],"collection":[{"href":"https:\/\/www.gostisce-svensek.si\/de\/wp-json\/wp\/v2\/pages"}],"about":[{"href":"https:\/\/www.gostisce-svensek.si\/de\/wp-json\/wp\/v2\/types\/page"}],"author":[{"embeddable":true,"href":"https:\/\/www.gostisce-svensek.si\/de\/wp-json\/wp\/v2\/users\/1"}],"replies":[{"embeddable":true,"href":"https:\/\/www.gostisce-svensek.si\/de\/wp-json\/wp\/v2\/comments?post=6939"}],"version-history":[{"count":33,"href":"https:\/\/www.gostisce-svensek.si\/de\/wp-json\/wp\/v2\/pages\/6939\/revisions"}],"predecessor-version":[{"id":10881,"href":"https:\/\/www.gostisce-svensek.si\/de\/wp-json\/wp\/v2\/pages\/6939\/revisions\/10881"}],"wp:attachment":[{"href":"https:\/\/www.gostisce-svensek.si\/de\/wp-json\/wp\/v2\/media?parent=6939"}],"curies":[{"name":"wp","href":"https:\/\/api.w.org\/{rel}","templated":true}]}}