{"id":6705,"date":"2021-11-01T08:58:50","date_gmt":"2021-11-01T08:58:50","guid":{"rendered":"https:\/\/www.gostisce-svensek.si\/?page_id=6705"},"modified":"2021-11-01T09:46:50","modified_gmt":"2021-11-01T09:46:50","slug":"zakljucene-druzbe","status":"publish","type":"page","link":"https:\/\/www.gostisce-svensek.si\/de\/zakljucene-druzbe.html","title":{"rendered":"Geschlossene Unternehmen"},"content":{"rendered":"<!-- Added by Post\/Page Specific Custom Code plugin, thank you for using! -->\n<style>.trheader .header-area .header-menu {\r\n    background-color: rgb(0 0 0 \/ 85%);\r\n    box-shadow: 0px 3px 8px 4px #888888;\r\n}<\/style>\n\t\t<div data-elementor-type=\"wp-page\" data-elementor-id=\"6705\" class=\"elementor elementor-6705\">\n\t\t\t\t\t\t<div class=\"elementor-inner\">\n\t\t\t\t<div class=\"elementor-section-wrap\">\n\t\t\t\t\t\t\t\t\t<section class=\"elementor-section elementor-top-section elementor-element elementor-element-196cc3f elementor-section-stretched elementor-section-boxed elementor-section-height-default elementor-section-height-default\" data-id=\"196cc3f\" data-element_type=\"section\" data-settings=\"{&quot;stretch_section&quot;:&quot;section-stretched&quot;}\">\n\t\t\t\t\t\t<div class=\"elementor-container elementor-column-gap-default\">\n\t\t\t\t\t\t\t<div class=\"elementor-row\">\n\t\t\t\t\t<div class=\"elementor-column elementor-col-33 elementor-top-column elementor-element elementor-element-4225877\" data-id=\"4225877\" data-element_type=\"column\">\n\t\t\t<div class=\"elementor-column-wrap elementor-element-populated\">\n\t\t\t\t\t\t\t<div class=\"elementor-widget-wrap\">\n\t\t\t\t\t\t<div class=\"elementor-element elementor-element-69728d6 elementor-widget elementor-widget-rt-contact-address\" data-id=\"69728d6\" data-element_type=\"widget\" data-widget_type=\"rt-contact-address.default\">\n\t\t\t\t<div class=\"elementor-widget-container\">\n\t\t\t\n<div class=\"rtin-address-default address-style2\">\n\t<div class=\"rtin-address-info\">\n\t\t\t\t\t<div class=\"rtin-address\">\n\t\t\t\t\t\t\t\t\t<div class=\"rtin-item\">\n\t\t\t\t\t\t\t\t\t\t\t\t\t\t\t<div class=\"rtin-icon\"><i class=\"fas fa-map-marker-alt\"><\/i><\/div>\n\t\t\t\t\t\t\t\t\t\t<div class=\"rtin-info\">Zadru\u017eni trg 13, 2250 Ptuj, Slowenien<\/div>\n\t\t\t\t\t\t\t\t\t\t<\/div>\n\t\t\t\t\t\t\t<\/div>\n\t\t\t<\/div>\n<\/div>\t\t<\/div>\n\t\t\t\t<\/div>\n\t\t\t\t\t\t<\/div>\n\t\t\t\t\t<\/div>\n\t\t<\/div>\n\t\t\t\t<div class=\"elementor-column elementor-col-33 elementor-top-column elementor-element elementor-element-ab707be\" data-id=\"ab707be\" data-element_type=\"column\">\n\t\t\t<div class=\"elementor-column-wrap elementor-element-populated\">\n\t\t\t\t\t\t\t<div class=\"elementor-widget-wrap\">\n\t\t\t\t\t\t<div class=\"elementor-element elementor-element-46e97a1 elementor-widget elementor-widget-rt-contact-address\" data-id=\"46e97a1\" data-element_type=\"widget\" data-widget_type=\"rt-contact-address.default\">\n\t\t\t\t<div class=\"elementor-widget-container\">\n\t\t\t\n<div class=\"rtin-address-default address-style2\">\n\t<div class=\"rtin-address-info\">\n\t\t\t\t\t<div class=\"rtin-address\">\n\t\t\t\t\t\t\t\t\t<div class=\"rtin-item\">\n\t\t\t\t\t\t\t\t\t\t\t\t\t\t\t<div class=\"rtin-icon\"><i class=\"fas fa-phone-volume\"><\/i><\/div>\n\t\t\t\t\t\t\t\t\t\t<div class=\"rtin-info\"><a href=\"tel:041764407\">MOB: 041 764 407<\/a> <br><a href=\"tel:027885683\">TEL: 02 788 56 83<\/a> <\/div>\n\t\t\t\t\t\t\t\t\t\t<\/div>\n\t\t\t\t\t\t\t<\/div>\n\t\t\t<\/div>\n<\/div>\t\t<\/div>\n\t\t\t\t<\/div>\n\t\t\t\t\t\t<\/div>\n\t\t\t\t\t<\/div>\n\t\t<\/div>\n\t\t\t\t<div class=\"elementor-column elementor-col-33 elementor-top-column elementor-element elementor-element-f641943\" data-id=\"f641943\" data-element_type=\"column\">\n\t\t\t<div class=\"elementor-column-wrap elementor-element-populated\">\n\t\t\t\t\t\t\t<div class=\"elementor-widget-wrap\">\n\t\t\t\t\t\t<div class=\"elementor-element elementor-element-8935232 elementor-widget elementor-widget-rt-contact-address\" data-id=\"8935232\" data-element_type=\"widget\" data-widget_type=\"rt-contact-address.default\">\n\t\t\t\t<div class=\"elementor-widget-container\">\n\t\t\t\n<div class=\"rtin-address-default address-style2\">\n\t<div class=\"rtin-address-info\">\n\t\t\t\t\t<div class=\"rtin-address\">\n\t\t\t\t\t\t\t\t\t<div class=\"rtin-item\">\n\t\t\t\t\t\t\t\t\t\t\t\t\t\t\t<div class=\"rtin-icon\"><i class=\"fas fa-envelope-open-text\"><\/i><\/div>\n\t\t\t\t\t\t\t\t\t\t<div class=\"rtin-info\">Email:<br><a href=\"mailto:ksenja.svensek@gmail.com\">ksenja.svensek@gmail.com<\/a><\/div>\n\t\t\t\t\t\t\t\t\t\t<\/div>\n\t\t\t\t\t\t\t<\/div>\n\t\t\t<\/div>\n<\/div>\t\t<\/div>\n\t\t\t\t<\/div>\n\t\t\t\t\t\t<\/div>\n\t\t\t\t\t<\/div>\n\t\t<\/div>\n\t\t\t\t\t\t\t\t<\/div>\n\t\t\t\t\t<\/div>\n\t\t<\/section>\n\t\t\t\t<section class=\"elementor-section elementor-top-section elementor-element elementor-element-ee8ea6d elementor-section-boxed elementor-section-height-default elementor-section-height-default\" data-id=\"ee8ea6d\" data-element_type=\"section\">\n\t\t\t\t\t\t<div class=\"elementor-container elementor-column-gap-default\">\n\t\t\t\t\t\t\t<div class=\"elementor-row\">\n\t\t\t\t\t<div class=\"elementor-column elementor-col-50 elementor-top-column elementor-element elementor-element-405affb\" data-id=\"405affb\" data-element_type=\"column\">\n\t\t\t<div class=\"elementor-column-wrap elementor-element-populated\">\n\t\t\t\t\t\t\t<div class=\"elementor-widget-wrap\">\n\t\t\t\t\t\t<div class=\"elementor-element elementor-element-d5a3369 elementor-widget elementor-widget-image\" data-id=\"d5a3369\" data-element_type=\"widget\" data-widget_type=\"image.default\">\n\t\t\t\t<div class=\"elementor-widget-container\">\n\t\t\t\t\t\t\t\t<div class=\"elementor-image\">\n\t\t\t\t\t\t\t\t\t\t\t\t<img width=\"800\" height=\"297\" src=\"https:\/\/www.gostisce-svensek.si\/wp-content\/uploads\/2021\/11\/zakljucene-druzbe-head.jpg\" class=\"attachment-large size-large\" alt=\"\" loading=\"lazy\" srcset=\"https:\/\/www.gostisce-svensek.si\/wp-content\/uploads\/2021\/11\/zakljucene-druzbe-head.jpg 800w, https:\/\/www.gostisce-svensek.si\/wp-content\/uploads\/2021\/11\/zakljucene-druzbe-head-300x111.jpg 300w, https:\/\/www.gostisce-svensek.si\/wp-content\/uploads\/2021\/11\/zakljucene-druzbe-head-768x285.jpg 768w, https:\/\/www.gostisce-svensek.si\/wp-content\/uploads\/2021\/11\/zakljucene-druzbe-head-600x223.jpg 600w\" sizes=\"(max-width: 800px) 100vw, 800px\" \/>\t\t\t\t\t\t\t\t\t\t\t\t\t\t<\/div>\n\t\t\t\t\t\t<\/div>\n\t\t\t\t<\/div>\n\t\t\t\t<div class=\"elementor-element elementor-element-7e847b5 elementor-widget elementor-widget-text-editor\" data-id=\"7e847b5\" data-element_type=\"widget\" data-widget_type=\"text-editor.default\">\n\t\t\t\t<div class=\"elementor-widget-container\">\n\t\t\t\t\t\t\t\t<div class=\"elementor-text-editor elementor-clearfix\">\n\t\t\t\t<div class=\"content\">F\u00fcr geschlossene Unternehmen bereiten wir vor:<br \/><ul><li>gesellschaftliche Zusammenk\u00fcnfte,<\/li><li>Hochzeitsessen,<\/li><li>Jubil\u00e4en von Schulabschl\u00fcssen, Hochzeiten und anderen Jubil\u00e4en,<\/li><li>Gesch\u00e4ftsessen,<\/li><li>Cocktailparty,<\/li><li>noch etwas\u2026<\/li><\/ul>Auf Wunsch kommen wir auch zu Ihnen. F\u00fcr weitere Informationen besuchen Sie uns im angenehmen Ambiente des Restaurants und der Coaching-Ecke.<\/div>\t\t\t\t\t<\/div>\n\t\t\t\t\t\t<\/div>\n\t\t\t\t<\/div>\n\t\t\t\t\t\t<\/div>\n\t\t\t\t\t<\/div>\n\t\t<\/div>\n\t\t\t\t<div class=\"elementor-column elementor-col-50 elementor-top-column elementor-element elementor-element-6b6f53a\" data-id=\"6b6f53a\" data-element_type=\"column\">\n\t\t\t<div class=\"elementor-column-wrap elementor-element-populated\">\n\t\t\t\t\t\t\t<div class=\"elementor-widget-wrap\">\n\t\t\t\t\t\t<div class=\"elementor-element elementor-element-d4a484c elementor-widget elementor-widget-image\" data-id=\"d4a484c\" data-element_type=\"widget\" data-widget_type=\"image.default\">\n\t\t\t\t<div class=\"elementor-widget-container\">\n\t\t\t\t\t\t\t\t<div class=\"elementor-image\">\n\t\t\t\t\t\t\t\t\t\t\t\t<img width=\"724\" height=\"1024\" src=\"https:\/\/www.gostisce-svensek.si\/wp-content\/uploads\/2021\/11\/zakljucene-druzbe-724x1024.jpg\" class=\"attachment-large size-large\" alt=\"\" loading=\"lazy\" srcset=\"https:\/\/www.gostisce-svensek.si\/wp-content\/uploads\/2021\/11\/zakljucene-druzbe-724x1024.jpg 724w, https:\/\/www.gostisce-svensek.si\/wp-content\/uploads\/2021\/11\/zakljucene-druzbe-212x300.jpg 212w, https:\/\/www.gostisce-svensek.si\/wp-content\/uploads\/2021\/11\/zakljucene-druzbe-768x1086.jpg 768w, https:\/\/www.gostisce-svensek.si\/wp-content\/uploads\/2021\/11\/zakljucene-druzbe-1086x1536.jpg 1086w, https:\/\/www.gostisce-svensek.si\/wp-content\/uploads\/2021\/11\/zakljucene-druzbe-600x848.jpg 600w, https:\/\/www.gostisce-svensek.si\/wp-content\/uploads\/2021\/11\/zakljucene-druzbe.jpg 1358w\" sizes=\"(max-width: 724px) 100vw, 724px\" \/>\t\t\t\t\t\t\t\t\t\t\t\t\t\t<\/div>\n\t\t\t\t\t\t<\/div>\n\t\t\t\t<\/div>\n\t\t\t\t\t\t<\/div>\n\t\t\t\t\t<\/div>\n\t\t<\/div>\n\t\t\t\t\t\t\t\t<\/div>\n\t\t\t\t\t<\/div>\n\t\t<\/section>\n\t\t\t\t<section class=\"elementor-section elementor-top-section elementor-element elementor-element-e50f4f8 elementor-section-height-min-height elementor-section-boxed elementor-section-height-default elementor-section-items-middle\" data-id=\"e50f4f8\" data-element_type=\"section\">\n\t\t\t\t\t\t<div class=\"elementor-container elementor-column-gap-default\">\n\t\t\t\t\t\t\t<div class=\"elementor-row\">\n\t\t\t\t\t<div class=\"elementor-column elementor-col-100 elementor-top-column elementor-element elementor-element-84beb76\" data-id=\"84beb76\" data-element_type=\"column\">\n\t\t\t<div class=\"elementor-column-wrap\">\n\t\t\t\t\t\t\t<div class=\"elementor-widget-wrap\">\n\t\t\t\t\t\t\t\t<\/div>\n\t\t\t\t\t<\/div>\n\t\t<\/div>\n\t\t\t\t\t\t\t\t<\/div>\n\t\t\t\t\t<\/div>\n\t\t<\/section>\n\t\t\t\t\t\t\t\t\t<\/div>\n\t\t\t<\/div>\n\t\t\t\t\t<\/div>","protected":false},"excerpt":{"rendered":"<p>Zadru\u017eni trg 13, 2250 Ptuj, Slovenija MOB: 041 764 407 TEL: 02 788 56 83 Email:ksenja.svensek@gmail.com Za zaklju\u010dene dru\u017ebe pripravljamo: dru\u017eabna sre\u010danja, poro\u010dna kosila, obletnice matur, porok in drugih jubilejev, poslovna kosila, koktajl zabave, in \u0161e kaj&#8230; Po \u017eelji, pridemo tudi do vas. Za ve\u010d informacij nas obi\u0161\u010dite v prijetnem ambientu restavracije ter furmanskega kota.<\/p>","protected":false},"author":1,"featured_media":0,"parent":0,"menu_order":9,"comment_status":"closed","ping_status":"closed","template":"","meta":[],"yoast_head":"<!-- This site is optimized with the Yoast SEO plugin v21.1 - https:\/\/yoast.com\/wordpress\/plugins\/seo\/ -->\n<title>Zaklju\u010dene dru\u017ebe - Gosti\u0161\u010du \u201cPri Tonetu\u201d Sven\u0161ku<\/title>\n<meta name=\"robots\" content=\"index, follow, max-snippet:-1, max-image-preview:large, max-video-preview:-1\" \/>\n<link rel=\"canonical\" href=\"https:\/\/www.gostisce-svensek.si\/de\/zakljucene-druzbe.html\/\" \/>\n<meta property=\"og:locale\" content=\"de_DE\" \/>\n<meta property=\"og:type\" content=\"article\" \/>\n<meta property=\"og:title\" content=\"Zaklju\u010dene dru\u017ebe - Gosti\u0161\u010du \u201cPri Tonetu\u201d Sven\u0161ku\" \/>\n<meta property=\"og:description\" content=\"Zadru\u017eni trg 13, 2250 Ptuj, Slovenija MOB: 041 764 407 TEL: 02 788 56 83 Email:ksenja.svensek@gmail.com Za zaklju\u010dene dru\u017ebe pripravljamo: dru\u017eabna sre\u010danja, poro\u010dna kosila, obletnice matur, porok in drugih jubilejev, poslovna kosila, koktajl zabave, in \u0161e kaj&#8230; Po \u017eelji, pridemo tudi do vas. Za ve\u010d informacij nas obi\u0161\u010dite v prijetnem ambientu restavracije ter furmanskega kota.\" \/>\n<meta property=\"og:url\" content=\"https:\/\/www.gostisce-svensek.si\/de\/zakljucene-druzbe.html\/\" \/>\n<meta property=\"og:site_name\" content=\"Gosti\u0161\u010du \u201cPri Tonetu\u201d Sven\u0161ku\" \/>\n<meta property=\"article:modified_time\" content=\"2021-11-01T09:46:50+00:00\" \/>\n<meta property=\"og:image\" content=\"https:\/\/www.gostisce-svensek.si\/wp-content\/uploads\/2021\/11\/zakljucene-druzbe-head.jpg\" \/>\n<meta name=\"twitter:card\" content=\"summary_large_image\" \/>\n<script type=\"application\/ld+json\" class=\"yoast-schema-graph\">{\"@context\":\"https:\/\/schema.org\",\"@graph\":[{\"@type\":\"WebPage\",\"@id\":\"https:\/\/www.gostisce-svensek.si\/zakljucene-druzbe.html\",\"url\":\"https:\/\/www.gostisce-svensek.si\/zakljucene-druzbe.html\",\"name\":\"Zaklju\u010dene dru\u017ebe - Gosti\u0161\u010du \u201cPri Tonetu\u201d Sven\u0161ku\",\"isPartOf\":{\"@id\":\"https:\/\/www.gostisce-svensek.si\/#website\"},\"datePublished\":\"2021-11-01T08:58:50+00:00\",\"dateModified\":\"2021-11-01T09:46:50+00:00\",\"breadcrumb\":{\"@id\":\"https:\/\/www.gostisce-svensek.si\/zakljucene-druzbe.html#breadcrumb\"},\"inLanguage\":\"de-DE\",\"potentialAction\":[{\"@type\":\"ReadAction\",\"target\":[\"https:\/\/www.gostisce-svensek.si\/zakljucene-druzbe.html\"]}]},{\"@type\":\"BreadcrumbList\",\"@id\":\"https:\/\/www.gostisce-svensek.si\/zakljucene-druzbe.html#breadcrumb\",\"itemListElement\":[{\"@type\":\"ListItem\",\"position\":1,\"name\":\"Home\",\"item\":\"https:\/\/www.gostisce-svensek.si\/\"},{\"@type\":\"ListItem\",\"position\":2,\"name\":\"Zaklju\u010dene dru\u017ebe\"}]},{\"@type\":\"WebSite\",\"@id\":\"https:\/\/www.gostisce-svensek.si\/#website\",\"url\":\"https:\/\/www.gostisce-svensek.si\/\",\"name\":\"Gosti\u0161\u010du \u201cPri Tonetu\u201d Sven\u0161ku\",\"description\":\"\",\"publisher\":{\"@id\":\"https:\/\/www.gostisce-svensek.si\/#organization\"},\"potentialAction\":[{\"@type\":\"SearchAction\",\"target\":{\"@type\":\"EntryPoint\",\"urlTemplate\":\"https:\/\/www.gostisce-svensek.si\/?s={search_term_string}\"},\"query-input\":\"required name=search_term_string\"}],\"inLanguage\":\"de-DE\"},{\"@type\":\"Organization\",\"@id\":\"https:\/\/www.gostisce-svensek.si\/#organization\",\"name\":\"Gosti\u0161\u010du \u201cPri Tonetu\u201d Sven\u0161ku\",\"url\":\"https:\/\/www.gostisce-svensek.si\/\",\"logo\":{\"@type\":\"ImageObject\",\"inLanguage\":\"de-DE\",\"@id\":\"https:\/\/www.gostisce-svensek.si\/#\/schema\/logo\/image\/\",\"url\":\"https:\/\/www.gostisce-svensek.si\/wp-content\/uploads\/2021\/10\/svensek-logo-black.png\",\"contentUrl\":\"https:\/\/www.gostisce-svensek.si\/wp-content\/uploads\/2021\/10\/svensek-logo-black.png\",\"width\":342,\"height\":80,\"caption\":\"Gosti\u0161\u010du \u201cPri Tonetu\u201d Sven\u0161ku\"},\"image\":{\"@id\":\"https:\/\/www.gostisce-svensek.si\/#\/schema\/logo\/image\/\"}}]}<\/script>\n<!-- \/ Yoast SEO plugin. -->","yoast_head_json":{"title":"Zaklju\u010dene dru\u017ebe - Gosti\u0161\u010du \u201cPri Tonetu\u201d Sven\u0161ku","robots":{"index":"index","follow":"follow","max-snippet":"max-snippet:-1","max-image-preview":"max-image-preview:large","max-video-preview":"max-video-preview:-1"},"canonical":"https:\/\/www.gostisce-svensek.si\/de\/zakljucene-druzbe.html\/","og_locale":"de_DE","og_type":"article","og_title":"Zaklju\u010dene dru\u017ebe - Gosti\u0161\u010du \u201cPri Tonetu\u201d Sven\u0161ku","og_description":"Zadru\u017eni trg 13, 2250 Ptuj, Slovenija MOB: 041 764 407 TEL: 02 788 56 83 Email:ksenja.svensek@gmail.com Za zaklju\u010dene dru\u017ebe pripravljamo: dru\u017eabna sre\u010danja, poro\u010dna kosila, obletnice matur, porok in drugih jubilejev, poslovna kosila, koktajl zabave, in \u0161e kaj&#8230; Po \u017eelji, pridemo tudi do vas. Za ve\u010d informacij nas obi\u0161\u010dite v prijetnem ambientu restavracije ter furmanskega kota.","og_url":"https:\/\/www.gostisce-svensek.si\/de\/zakljucene-druzbe.html\/","og_site_name":"Gosti\u0161\u010du \u201cPri Tonetu\u201d Sven\u0161ku","article_modified_time":"2021-11-01T09:46:50+00:00","og_image":[{"url":"https:\/\/www.gostisce-svensek.si\/wp-content\/uploads\/2021\/11\/zakljucene-druzbe-head.jpg"}],"twitter_card":"summary_large_image","schema":{"@context":"https:\/\/schema.org","@graph":[{"@type":"WebPage","@id":"https:\/\/www.gostisce-svensek.si\/zakljucene-druzbe.html","url":"https:\/\/www.gostisce-svensek.si\/zakljucene-druzbe.html","name":"Zaklju\u010dene dru\u017ebe - Gosti\u0161\u010du \u201cPri Tonetu\u201d Sven\u0161ku","isPartOf":{"@id":"https:\/\/www.gostisce-svensek.si\/#website"},"datePublished":"2021-11-01T08:58:50+00:00","dateModified":"2021-11-01T09:46:50+00:00","breadcrumb":{"@id":"https:\/\/www.gostisce-svensek.si\/zakljucene-druzbe.html#breadcrumb"},"inLanguage":"de-DE","potentialAction":[{"@type":"ReadAction","target":["https:\/\/www.gostisce-svensek.si\/zakljucene-druzbe.html"]}]},{"@type":"BreadcrumbList","@id":"https:\/\/www.gostisce-svensek.si\/zakljucene-druzbe.html#breadcrumb","itemListElement":[{"@type":"ListItem","position":1,"name":"Home","item":"https:\/\/www.gostisce-svensek.si\/"},{"@type":"ListItem","position":2,"name":"Zaklju\u010dene dru\u017ebe"}]},{"@type":"WebSite","@id":"https:\/\/www.gostisce-svensek.si\/#website","url":"https:\/\/www.gostisce-svensek.si\/","name":"Gosti\u0161\u010du \u201cPri Tonetu\u201d Sven\u0161ku","description":"","publisher":{"@id":"https:\/\/www.gostisce-svensek.si\/#organization"},"potentialAction":[{"@type":"SearchAction","target":{"@type":"EntryPoint","urlTemplate":"https:\/\/www.gostisce-svensek.si\/?s={search_term_string}"},"query-input":"required name=search_term_string"}],"inLanguage":"de-DE"},{"@type":"Organization","@id":"https:\/\/www.gostisce-svensek.si\/#organization","name":"Gosti\u0161\u010du \u201cPri Tonetu\u201d Sven\u0161ku","url":"https:\/\/www.gostisce-svensek.si\/","logo":{"@type":"ImageObject","inLanguage":"de-DE","@id":"https:\/\/www.gostisce-svensek.si\/#\/schema\/logo\/image\/","url":"https:\/\/www.gostisce-svensek.si\/wp-content\/uploads\/2021\/10\/svensek-logo-black.png","contentUrl":"https:\/\/www.gostisce-svensek.si\/wp-content\/uploads\/2021\/10\/svensek-logo-black.png","width":342,"height":80,"caption":"Gosti\u0161\u010du \u201cPri Tonetu\u201d Sven\u0161ku"},"image":{"@id":"https:\/\/www.gostisce-svensek.si\/#\/schema\/logo\/image\/"}}]}},"_links":{"self":[{"href":"https:\/\/www.gostisce-svensek.si\/de\/wp-json\/wp\/v2\/pages\/6705"}],"collection":[{"href":"https:\/\/www.gostisce-svensek.si\/de\/wp-json\/wp\/v2\/pages"}],"about":[{"href":"https:\/\/www.gostisce-svensek.si\/de\/wp-json\/wp\/v2\/types\/page"}],"author":[{"embeddable":true,"href":"https:\/\/www.gostisce-svensek.si\/de\/wp-json\/wp\/v2\/users\/1"}],"replies":[{"embeddable":true,"href":"https:\/\/www.gostisce-svensek.si\/de\/wp-json\/wp\/v2\/comments?post=6705"}],"version-history":[{"count":12,"href":"https:\/\/www.gostisce-svensek.si\/de\/wp-json\/wp\/v2\/pages\/6705\/revisions"}],"predecessor-version":[{"id":6804,"href":"https:\/\/www.gostisce-svensek.si\/de\/wp-json\/wp\/v2\/pages\/6705\/revisions\/6804"}],"wp:attachment":[{"href":"https:\/\/www.gostisce-svensek.si\/de\/wp-json\/wp\/v2\/media?parent=6705"}],"curies":[{"name":"wp","href":"https:\/\/api.w.org\/{rel}","templated":true}]}}